{"id":413,"date":"2014-12-30T15:24:13","date_gmt":"2014-12-30T15:24:13","guid":{"rendered":"http:\/\/www.mobilmestring.no\/?page_id=413"},"modified":"2015-01-20T13:17:51","modified_gmt":"2015-01-20T13:17:51","slug":"hvordan-bruke-nettstedet","status":"publish","type":"page","link":"https:\/\/www.mobilmestring.no\/?page_id=413","title":{"rendered":"Hvordan bruke nettstedet"},"content":{"rendered":"<p>Her kan du\u00a0l\u00e6re hvordan man\u00a0bruker dette nettstedet.<br \/>\nTrykk p\u00e5 lenken for \u00e5 \u00e5pne\u00a0PDF-filen i en ny fane.<\/p>\n<p><a title=\"PDF-fil \u00e5pnes i ny fane. \" href=\"https:\/\/www.mobilmestring.no\/wp-content\/uploads\/2014\/12\/Hvordan-bruke-nettstedet.pdf\" target=\"_blank\">Hvordan bruke nettstedet<\/a><\/p>\n","protected":false},"excerpt":{"rendered":"<p>Her kan du\u00a0l\u00e6re hvordan man\u00a0bruker dette nettstedet. Trykk p\u00e5 lenken for \u00e5 \u00e5pne\u00a0PDF-filen i en ny fane. Hvordan bruke nettstedet<\/p>\n","protected":false},"author":2,"featured_media":0,"parent":0,"menu_order":0,"comment_status":"closed","ping_status":"closed","template":"","meta":{"footnotes":""},"class_list":["post-413","page","type-page","status-publish","hentry"],"_links":{"self":[{"href":"https:\/\/www.mobilmestring.no\/index.php?rest_route=\/wp\/v2\/pages\/413","targetHints":{"allow":["GET"]}}],"collection":[{"href":"https:\/\/www.mobilmestring.no\/index.php?rest_route=\/wp\/v2\/pages"}],"about":[{"href":"https:\/\/www.mobilmestring.no\/index.php?rest_route=\/wp\/v2\/types\/page"}],"author":[{"embeddable":true,"href":"https:\/\/www.mobilmestring.no\/index.php?rest_route=\/wp\/v2\/users\/2"}],"replies":[{"embeddable":true,"href":"https:\/\/www.mobilmestring.no\/index.php?rest_route=%2Fwp%2Fv2%2Fcomments&post=413"}],"version-history":[{"count":0,"href":"https:\/\/www.mobilmestring.no\/index.php?rest_route=\/wp\/v2\/pages\/413\/revisions"}],"wp:attachment":[{"href":"https:\/\/www.mobilmestring.no\/index.php?rest_route=%2Fwp%2Fv2%2Fmedia&parent=413"}],"curies":[{"name":"wp","href":"https:\/\/api.w.org\/{rel}","templated":true}]}}