{"id":303,"date":"2014-12-09T16:17:49","date_gmt":"2014-12-09T16:17:49","guid":{"rendered":"http:\/\/www.mobilmestring.no\/?page_id=303"},"modified":"2015-01-20T13:11:29","modified_gmt":"2015-01-20T13:11:29","slug":"veileder","status":"publish","type":"page","link":"https:\/\/www.mobilmestring.no\/?page_id=303","title":{"rendered":"Veileder"},"content":{"rendered":"<p>P\u00e5 denne siden finnes det en\u00a0veileder for deg som vil\u00a0hjelpe andre<br \/>\nmed \u00e5 l\u00e6re seg \u00e5 bruke iPhone.<br \/>\nVeilederen viser hvordan du kan gjennomf\u00f8re\u00a0en strukturert<br \/>\noppl\u00e6ring i iPhone.<\/p>\n<p>Her kan du laste ned veilederen som PDF- og Word-dokument.<br \/>\nTrykk p\u00e5 lenken for \u00e5 \u00e5pne filen i en ny fane.<\/p>\n<p><a title=\"Veileder som PDF-fil \u00e5pnes i ny fane.\" href=\"https:\/\/www.mobilmestring.no\/wp-content\/uploads\/2014\/12\/Veileder-for-iPhone-filmer1.pdf\" target=\"_blank\">Veileder som PDF-fil<\/a><br \/>\n<a title=\"Veileder som Word-fil \u00e5pnes i ny fane. \" href=\"https:\/\/www.mobilmestring.no\/wp-content\/uploads\/2014\/12\/Veileder-for-iPhone-filmer1.docx\" target=\"_blank\">Veileder som Word-fil<\/a><\/p>\n","protected":false},"excerpt":{"rendered":"<p>P\u00e5 denne siden finnes det en\u00a0veileder for deg som vil\u00a0hjelpe andre med \u00e5 l\u00e6re seg \u00e5 bruke iPhone. Veilederen viser hvordan du kan gjennomf\u00f8re\u00a0en strukturert oppl\u00e6ring i iPhone. Her kan du laste ned veilederen som PDF- og Word-dokument. Trykk p\u00e5 lenken for \u00e5 \u00e5pne filen i en ny fane. Veileder som PDF-fil Veileder som Word-fil<\/p>\n","protected":false},"author":2,"featured_media":0,"parent":0,"menu_order":0,"comment_status":"closed","ping_status":"closed","template":"","meta":{"footnotes":""},"class_list":["post-303","page","type-page","status-publish","hentry"],"_links":{"self":[{"href":"https:\/\/www.mobilmestring.no\/index.php?rest_route=\/wp\/v2\/pages\/303","targetHints":{"allow":["GET"]}}],"collection":[{"href":"https:\/\/www.mobilmestring.no\/index.php?rest_route=\/wp\/v2\/pages"}],"about":[{"href":"https:\/\/www.mobilmestring.no\/index.php?rest_route=\/wp\/v2\/types\/page"}],"author":[{"embeddable":true,"href":"https:\/\/www.mobilmestring.no\/index.php?rest_route=\/wp\/v2\/users\/2"}],"replies":[{"embeddable":true,"href":"https:\/\/www.mobilmestring.no\/index.php?rest_route=%2Fwp%2Fv2%2Fcomments&post=303"}],"version-history":[{"count":0,"href":"https:\/\/www.mobilmestring.no\/index.php?rest_route=\/wp\/v2\/pages\/303\/revisions"}],"wp:attachment":[{"href":"https:\/\/www.mobilmestring.no\/index.php?rest_route=%2Fwp%2Fv2%2Fmedia&parent=303"}],"curies":[{"name":"wp","href":"https:\/\/api.w.org\/{rel}","templated":true}]}}