{"id":2,"date":"2014-02-03T10:09:05","date_gmt":"2014-02-03T10:09:05","guid":{"rendered":"http:\/\/mobilmestring.org\/?page_id=2"},"modified":"2015-01-18T14:27:38","modified_gmt":"2015-01-18T14:27:38","slug":"hjem","status":"publish","type":"page","link":"https:\/\/www.mobilmestring.no\/","title":{"rendered":"Velkommen!"},"content":{"rendered":"<p><img loading=\"lazy\" decoding=\"async\" class=\"alignright wp-image-355\" src=\"https:\/\/www.mobilmestring.no\/wp-content\/uploads\/2014\/02\/iPhone-iOS-81.png\" alt=\"iPhone iOS 8\" width=\"255\" height=\"490\" srcset=\"https:\/\/www.mobilmestring.no\/wp-content\/uploads\/2014\/02\/iPhone-iOS-81.png 497w, https:\/\/www.mobilmestring.no\/wp-content\/uploads\/2014\/02\/iPhone-iOS-81-156x300.png 156w\" sizes=\"auto, (max-width: 255px) 100vw, 255px\" \/>P\u00e5 denne nettsiden kan du l\u00e6re \u00e5 bruke iPhone ved hjelp av film.<br \/>\nDet er ogs\u00e5 filmer som viser iPhone som en hjelp i hverdagen,<br \/>\nse menyvalget <a title=\"iPhone i dagliglivet\" href=\"https:\/\/www.mobilmestring.no\/?page_id=213\">iPhone i dagliglivet.<\/a><\/p>\n<p>Filmene ble laget i prosjektet &laquo;Mestring med mobil&raquo;.<br \/>\nExtraStiftelsen Helse og Rehabilitering st\u00f8ttet prosjektet med Extra-midler.<\/p>\n<p>Filmene er f\u00f8rst og fremst laget for mennesker med utviklingshemning.<br \/>\nFilmene kan ogs\u00e5 v\u00e6re nyttige for mange andre.<\/p>\n<p>Hvis du vil hjelpe andre med \u00e5 l\u00e6re seg iPhone,\u00a0kan du bruke <a title=\"Veileder\" href=\"https:\/\/www.mobilmestring.no\/?page_id=303\">veilederen<\/a>.<br \/>\nDu kan skrive ut veilederen.<\/p>\n<p><a title=\"Innstillinger p\u00e5 iPhone\" href=\"https:\/\/www.mobilmestring.no\/?page_id=193\">Innstillinger p\u00e5 iPhone<\/a> viser en del nyttige innstillinger p\u00e5 iPhone.<br \/>\nDenne presentasjonen\u00a0er f\u00f8rst og fremst laget for de som er hjelpere\u00a0eller\u00a0l\u00e6rere ved oppl\u00e6ringen.<\/p>\n<p><img loading=\"lazy\" decoding=\"async\" class=\"alignnone wp-image-317 \" src=\"https:\/\/www.mobilmestring.no\/wp-content\/uploads\/2014\/02\/Logoer-til-nettside.png\" alt=\"Logoer til nettside\" width=\"528\" height=\"87\" srcset=\"https:\/\/www.mobilmestring.no\/wp-content\/uploads\/2014\/02\/Logoer-til-nettside.png 1484w, https:\/\/www.mobilmestring.no\/wp-content\/uploads\/2014\/02\/Logoer-til-nettside-300x49.png 300w, https:\/\/www.mobilmestring.no\/wp-content\/uploads\/2014\/02\/Logoer-til-nettside-1024x168.png 1024w\" sizes=\"auto, (max-width: 528px) 100vw, 528px\" \/><\/p>\n<p>&nbsp;<\/p>\n","protected":false},"excerpt":{"rendered":"<p>P\u00e5 denne nettsiden kan du l\u00e6re \u00e5 bruke iPhone ved hjelp av film. Det er ogs\u00e5 filmer som viser iPhone som en hjelp i hverdagen, se menyvalget iPhone i dagliglivet. Filmene ble laget i prosjektet &laquo;Mestring med mobil&raquo;. ExtraStiftelsen Helse og Rehabilitering st\u00f8ttet prosjektet med Extra-midler. Filmene er f\u00f8rst og fremst laget for mennesker med &hellip; <a href=\"https:\/\/www.mobilmestring.no\/\" class=\"more-link\">Fortsett \u00e5 lese <span class=\"screen-reader-text\">Velkommen!<\/span> <span class=\"meta-nav\">&rarr;<\/span><\/a><\/p>\n","protected":false},"author":1,"featured_media":0,"parent":0,"menu_order":0,"comment_status":"closed","ping_status":"closed","template":"","meta":{"footnotes":""},"class_list":["post-2","page","type-page","status-publish","hentry"],"_links":{"self":[{"href":"https:\/\/www.mobilmestring.no\/index.php?rest_route=\/wp\/v2\/pages\/2","targetHints":{"allow":["GET"]}}],"collection":[{"href":"https:\/\/www.mobilmestring.no\/index.php?rest_route=\/wp\/v2\/pages"}],"about":[{"href":"https:\/\/www.mobilmestring.no\/index.php?rest_route=\/wp\/v2\/types\/page"}],"author":[{"embeddable":true,"href":"https:\/\/www.mobilmestring.no\/index.php?rest_route=\/wp\/v2\/users\/1"}],"replies":[{"embeddable":true,"href":"https:\/\/www.mobilmestring.no\/index.php?rest_route=%2Fwp%2Fv2%2Fcomments&post=2"}],"version-history":[{"count":0,"href":"https:\/\/www.mobilmestring.no\/index.php?rest_route=\/wp\/v2\/pages\/2\/revisions"}],"wp:attachment":[{"href":"https:\/\/www.mobilmestring.no\/index.php?rest_route=%2Fwp%2Fv2%2Fmedia&parent=2"}],"curies":[{"name":"wp","href":"https:\/\/api.w.org\/{rel}","templated":true}]}}